{"id":742,"date":"2023-06-14T08:41:20","date_gmt":"2023-06-14T08:41:20","guid":{"rendered":"https:\/\/dev.webwrithe.com\/kinky\/kinky-party-die-veranstaltung-mit-dem-fokus-auf-bdsm-2\/"},"modified":"2024-04-30T18:03:04","modified_gmt":"2024-04-30T18:03:04","slug":"kinky-party-die-veranstaltung-mit-dem-fokus-auf-bdsm-2","status":"publish","type":"page","link":"https:\/\/www.kinkyparty.net\/de\/","title":{"rendered":"Kinky Party, die Veranstaltung mit dem Fokus auf BDSM"},"content":{"rendered":"\r\n<p>Kinky Partys, die sich auf Veranstaltungen mit einem Fokus auf BDSM (Bondage, Disziplin, Sadismus und Masochismus), Fetischismus und andere alternative sexuelle Praktiken beziehen, haben eine faszinierende Geschichte und sind ein integraler Bestandteil der modernen sexpositiven Bewegung. Hier ist ein allgemeiner \u00dcberblick \u00fcber die Geschichte, die Entwicklung und einige Hinweise darauf, wo man die besten Kinky Partys finden kann:<\/p>\r\n\r\n\r\n\r\n<h2 class=\"wp-block-heading\">Geschichte und Entwicklung Urspr\u00fcnge der Kinky Partys<\/h2>\r\n\r\n\r\n\r\n<p>Die Wurzeln der Kinky- oder Fetisch-Partys k\u00f6nnen bis zu den geheimen, unterirdischen BDSM-Szenen des sp\u00e4ten 19. und fr\u00fchen 20. Jahrhunderts zur\u00fcckverfolgt werden. Urspr\u00fcnglich als private Zusammenk\u00fcnfte abgehalten, um der gesellschaftlichen Stigmatisierung und rechtlichen Verfolgung zu entgehen, wurden sie zu einem sicheren Raum f\u00fcr Menschen mit spezifischen sexuellen Neigungen.<\/p>\r\n","protected":false},"excerpt":{"rendered":"<p>Kinky Partys, die sich auf Veranstaltungen mit einem Fokus auf BDSM (Bondage, Disziplin, Sadismus und Masochismus), Fetischismus und andere alternative sexuelle Praktiken beziehen, haben eine faszinierende Geschichte und sind ein integraler Bestandteil der modernen sexpositiven Bewegung. Hier ist ein allgemeiner \u00dcberblick \u00fcber die Geschichte, die Entwicklung und einige Hinweise darauf, wo man die besten Kinky &hellip; <a href=\"https:\/\/www.kinkyparty.net\/de\/\" class=\"more-link\">Continue reading<span class=\"screen-reader-text\"> &#8222;Kinky Party, die Veranstaltung mit dem Fokus auf BDSM&#8220;<\/span><\/a><\/p>\n","protected":false},"author":1,"featured_media":878,"parent":0,"menu_order":0,"comment_status":"closed","ping_status":"closed","template":"home.php","meta":{"_acf_changed":false,"footnotes":""},"class_list":["post-742","page","type-page","status-publish","has-post-thumbnail","hentry"],"acf":[],"aioseo_notices":[],"_links":{"self":[{"href":"https:\/\/www.kinkyparty.net\/de\/wp-json\/wp\/v2\/pages\/742","targetHints":{"allow":["GET"]}}],"collection":[{"href":"https:\/\/www.kinkyparty.net\/de\/wp-json\/wp\/v2\/pages"}],"about":[{"href":"https:\/\/www.kinkyparty.net\/de\/wp-json\/wp\/v2\/types\/page"}],"author":[{"embeddable":true,"href":"https:\/\/www.kinkyparty.net\/de\/wp-json\/wp\/v2\/users\/1"}],"replies":[{"embeddable":true,"href":"https:\/\/www.kinkyparty.net\/de\/wp-json\/wp\/v2\/comments?post=742"}],"version-history":[{"count":8,"href":"https:\/\/www.kinkyparty.net\/de\/wp-json\/wp\/v2\/pages\/742\/revisions"}],"predecessor-version":[{"id":885,"href":"https:\/\/www.kinkyparty.net\/de\/wp-json\/wp\/v2\/pages\/742\/revisions\/885"}],"wp:featuredmedia":[{"embeddable":true,"href":"https:\/\/www.kinkyparty.net\/de\/wp-json\/wp\/v2\/media\/878"}],"wp:attachment":[{"href":"https:\/\/www.kinkyparty.net\/de\/wp-json\/wp\/v2\/media?parent=742"}],"curies":[{"name":"wp","href":"https:\/\/api.w.org\/{rel}","templated":true}]}}