{"id":743,"date":"2023-06-14T08:41:20","date_gmt":"2023-06-14T08:41:20","guid":{"rendered":"https:\/\/dev.webwrithe.com\/kinky\/kinky-party-die-veranstaltung-mit-dem-fokus-auf-bdsm-2\/"},"modified":"2024-04-30T18:03:53","modified_gmt":"2024-04-30T18:03:53","slug":"kinky-party-el-evento-centrado-en-el-bdsm","status":"publish","type":"page","link":"https:\/\/www.kinkyparty.net\/es\/","title":{"rendered":"Kinky Party, el evento centrado en el BDSM"},"content":{"rendered":"\r\n<p>Las fiestas kinky, que se refieren a eventos centrados en el BDSM (bondage, disciplina, sadismo y masoquismo), el fetichismo y otras pr\u00e1cticas sexuales alternativas, tienen una historia fascinante y son parte integrante del moderno movimiento sex-positive. He aqu\u00ed una visi\u00f3n general de la historia, la evoluci\u00f3n y algunos consejos sobre d\u00f3nde encontrar las mejores fiestas pervertidas:<\/p>\r\n<h2 class=\"wp-block-heading\">Historia y desarrollo Or\u00edgenes de las Kinky Parties<\/h2>\r\n\r\n\r\n\r\n\r\n\r\n<p>Las ra\u00edces de las fiestas kinky o fetichistas se remontan a las escenas BDSM secretas y clandestinas de finales del siglo XIX y principios del XX. Originalmente se celebraban como reuniones privadas para escapar de la estigmatizaci\u00f3n social y la persecuci\u00f3n legal, y se convirtieron en un espacio seguro para personas con inclinaciones sexuales espec\u00edficas.<\/p>\r\n","protected":false},"excerpt":{"rendered":"<p>Las fiestas kinky, que se refieren a eventos centrados en el BDSM (bondage, disciplina, sadismo y masoquismo), el fetichismo y otras pr\u00e1cticas sexuales alternativas, tienen una historia fascinante y son parte integrante del moderno movimiento sex-positive. He aqu\u00ed una visi\u00f3n general de la historia, la evoluci\u00f3n y algunos consejos sobre d\u00f3nde encontrar las mejores fiestas &hellip; <a href=\"https:\/\/www.kinkyparty.net\/es\/\" class=\"more-link\">Continue reading<span class=\"screen-reader-text\"> \u00abKinky Party, el evento centrado en el BDSM\u00bb<\/span><\/a><\/p>\n","protected":false},"author":1,"featured_media":879,"parent":0,"menu_order":0,"comment_status":"closed","ping_status":"closed","template":"home.php","meta":{"_acf_changed":false,"footnotes":""},"class_list":["post-743","page","type-page","status-publish","has-post-thumbnail","hentry"],"acf":[],"aioseo_notices":[],"_links":{"self":[{"href":"https:\/\/www.kinkyparty.net\/es\/wp-json\/wp\/v2\/pages\/743","targetHints":{"allow":["GET"]}}],"collection":[{"href":"https:\/\/www.kinkyparty.net\/es\/wp-json\/wp\/v2\/pages"}],"about":[{"href":"https:\/\/www.kinkyparty.net\/es\/wp-json\/wp\/v2\/types\/page"}],"author":[{"embeddable":true,"href":"https:\/\/www.kinkyparty.net\/es\/wp-json\/wp\/v2\/users\/1"}],"replies":[{"embeddable":true,"href":"https:\/\/www.kinkyparty.net\/es\/wp-json\/wp\/v2\/comments?post=743"}],"version-history":[{"count":6,"href":"https:\/\/www.kinkyparty.net\/es\/wp-json\/wp\/v2\/pages\/743\/revisions"}],"predecessor-version":[{"id":886,"href":"https:\/\/www.kinkyparty.net\/es\/wp-json\/wp\/v2\/pages\/743\/revisions\/886"}],"wp:featuredmedia":[{"embeddable":true,"href":"https:\/\/www.kinkyparty.net\/es\/wp-json\/wp\/v2\/media\/879"}],"wp:attachment":[{"href":"https:\/\/www.kinkyparty.net\/es\/wp-json\/wp\/v2\/media?parent=743"}],"curies":[{"name":"wp","href":"https:\/\/api.w.org\/{rel}","templated":true}]}}